{"id":10188,"date":"2018-12-03T12:05:00","date_gmt":"2018-12-03T10:05:00","guid":{"rendered":"https:\/\/carpinteronaval.es\/en\/aviso-legal\/"},"modified":"2019-12-12T11:37:38","modified_gmt":"2019-12-12T09:37:38","slug":"aviso-legal","status":"publish","type":"page","link":"https:\/\/carpinteronaval.es\/en\/aviso-legal\/","title":{"rendered":"Aviso legal"},"content":{"rendered":"<h1>Aviso legal<\/h1>\n<p>En cumplimiento del art\u00edculo 10 de la Ley 34\/2002, del 11 de julio, de servicios de la Sociedad de la Informaci\u00f3n y Comercio Electr\u00f3nico (LSSICE) se exponen a continuaci\u00f3n los datos identificativos de la empresa titular de esta p\u00e1gina web:<\/p>\n<p>Denominaci\u00f3n social: CARPINTERO NAVAL PATRICK KLEE<\/p>\n<p>N\u00famero de identificaci\u00f3n fiscal: X4102311P<\/p>\n<p>Domicilio social: Marina de Denia, D\u00e1rsena de Babor edf. F2, nr. 1. D\u00c9NIA (03700), Alicante<\/p>\n<p>Correo electr\u00f3nico: INFO@CARPINTERONAVAL.ES<\/p>\n<p>Tel\u00e9fono: 699 525 407\/ 685 125 586<\/p>\n<p>Este sitio web ha sido creado por la empresa CARPINTERO NAVAL PATRICK KLEE con car\u00e1cter informativo y para uso personal de los usuarios.<\/p>\n<p>A trav\u00e9s de este Aviso legal, se pretende regular el acceso y uso de este sitio web, as\u00ed como la relaci\u00f3n entre el sitio web y sus usuarios.<\/p>\n<p>Accediendo a este sitio web se aceptan los siguientes t\u00e9rminos y condiciones:<\/p>\n<p>\u2022\u00a0 El acceso a este sitio web es responsabilidad exclusiva de los usuarios.<\/p>\n<p>\u2022\u00a0 El simple acceso a este sitio web no supone entablar ning\u00fan tipo de relaci\u00f3n comercial entre CARPINTERO NAVAL PATRICK KLEE. y el usuario.<\/p>\n<p>\u2022\u00a0 El acceso y la navegaci\u00f3n en este sitio web supone aceptar y conocer las advertencias legales, condiciones y t\u00e9rminos de uso contenidas en ella.<\/p>\n<p>\u2022\u00a0 El titular del sitio web puede ofrecer servicios o productos que podr\u00e1n encontrarse sometidos a unas condiciones particulares propias que, seg\u00fan los casos, sustituyan, completen y\/o modifiquen las presentes condiciones, y sobre las cuales se informar\u00e1 al usuario en cada caso concreto.<\/p>\n<p>Este sitio web ha sido creado por la empresa CARPINTERO NAVAL PATRICK KLEE con car\u00e1cter informativo y para uso personal de los usuarios.<\/p>\n<p>&nbsp;<\/p>\n","protected":false},"excerpt":{"rendered":"<p>Aviso legal En cumplimiento del art\u00edculo 10 de la Ley 34\/2002, del 11 de julio, de servicios de la Sociedad de la Informaci\u00f3n y Comercio <p><a class=\"readon\" href=\"https:\/\/carpinteronaval.es\/en\/aviso-legal\/\"><span>read more<\/span><\/a><\/p><\/p>\n","protected":false},"author":2,"featured_media":0,"parent":0,"menu_order":0,"comment_status":"closed","ping_status":"closed","template":"","meta":{"footnotes":""},"class_list":["post-10188","page","type-page","status-publish","hentry"],"_links":{"self":[{"href":"https:\/\/carpinteronaval.es\/en\/wp-json\/wp\/v2\/pages\/10188","targetHints":{"allow":["GET"]}}],"collection":[{"href":"https:\/\/carpinteronaval.es\/en\/wp-json\/wp\/v2\/pages"}],"about":[{"href":"https:\/\/carpinteronaval.es\/en\/wp-json\/wp\/v2\/types\/page"}],"author":[{"embeddable":true,"href":"https:\/\/carpinteronaval.es\/en\/wp-json\/wp\/v2\/users\/2"}],"replies":[{"embeddable":true,"href":"https:\/\/carpinteronaval.es\/en\/wp-json\/wp\/v2\/comments?post=10188"}],"version-history":[{"count":2,"href":"https:\/\/carpinteronaval.es\/en\/wp-json\/wp\/v2\/pages\/10188\/revisions"}],"predecessor-version":[{"id":10310,"href":"https:\/\/carpinteronaval.es\/en\/wp-json\/wp\/v2\/pages\/10188\/revisions\/10310"}],"wp:attachment":[{"href":"https:\/\/carpinteronaval.es\/en\/wp-json\/wp\/v2\/media?parent=10188"}],"curies":[{"name":"wp","href":"https:\/\/api.w.org\/{rel}","templated":true}]}}